{"id":794,"date":"2022-06-29T22:05:21","date_gmt":"2022-06-29T19:05:21","guid":{"rendered":"https:\/\/hyvinvointisi.fi\/?page_id=794"},"modified":"2026-01-04T21:47:44","modified_gmt":"2026-01-04T18:47:44","slug":"evasteseloste","status":"publish","type":"page","link":"https:\/\/couplegame.fi\/en\/evasteseloste\/","title":{"rendered":"Cookie statement"},"content":{"rendered":"<div class=\"wp-block-stackable-spacer stk-block-spacer stk--no-padding stk-block stk-903668d\" data-block-id=\"903668d\"><style>.stk-903668d {height:29px !important;}<\/style><\/div>\n\n\n\n<p><\/p>\n\n\n\n<p class=\"has-small-font-size\"><strong>Cookie statement<\/strong><\/p>\n\n\n\n<p class=\"has-small-font-size\"><strong>1. Mit\u00e4 ev\u00e4steet ovat?<\/strong><\/p>\n\n\n\n<p class=\"has-small-font-size\">Ev\u00e4steet ovat pieni\u00e4 tekstitiedostoja, jotka tallennetaan tietokoneellesi tai muulle p\u00e4\u00e4telaitteellesi, kun k\u00e4yt verkkosivulla. Jokaisella my\u00f6hemm\u00e4ll\u00e4 vierailukerrallasi ne l\u00e4hetet\u00e4\u00e4n takaisin verkkosivullemme tai toiselle verkkosivulle, joka tunnistaa ev\u00e4steen. Ev\u00e4steiden avulla pystymme mm. tunnistamaan laitteesi palatessasi sivulle, muistamaan mieltymyksesi ja valintasi, parantamaan k\u00e4ytt\u00f6kokemustasi sek\u00e4 mukauttamaan mainoksiamme sivuillamme sek\u00e4 mahdollisissa muissa palveluissa. Lis\u00e4tietoa ev\u00e4steist\u00e4 saat sivulta&nbsp;<a href=\"https:\/\/www.aboutcookies.org\/\" target=\"_blank\" rel=\"noreferrer noopener\">www.aboutcookies.org<\/a>.<\/p>\n\n\n\n<p class=\"has-small-font-size\"><strong>2. Sivustomme k\u00e4ytt\u00e4m\u00e4t ev\u00e4steet<\/strong><\/p>\n\n\n\n<p class=\"has-small-font-size\">K\u00e4yt\u00e4mme sivustollamme erilaisia ev\u00e4steit\u00e4. Ev\u00e4steit\u00e4 voidaan jaotella sek\u00e4 niiden keston ett\u00e4 k\u00e4ytt\u00f6tarkoituksen mukaan. Keston osalta k\u00e4yt\u00e4mme sek\u00e4 v\u00e4liaikaisia ett\u00e4 pysyvi\u00e4 ev\u00e4steit\u00e4. V\u00e4liaikaiset ev\u00e4steet s\u00e4ilyv\u00e4t vain siihen saakka, kunnes suljet selaimesi. K\u00e4yt\u00e4mme my\u00f6s pysyvi\u00e4 ev\u00e4steit\u00e4, jotka s\u00e4ilyv\u00e4t pidemm\u00e4n, ennalta m\u00e4\u00e4r\u00e4tyn ajan. K\u00e4ytt\u00f6tarkoitussidonnaisista ev\u00e4steist\u00e4 l\u00f6yd\u00e4t tietoa alempana.<\/p>\n\n\n\n<p class=\"has-small-font-size\"><strong>2.1 V\u00e4ltt\u00e4m\u00e4tt\u00f6m\u00e4t<\/strong><\/p>\n\n\n\n<p class=\"has-small-font-size\">Jotkin ev\u00e4steet ovat sivustomme teknisen toiminnan ja k\u00e4yt\u00f6n vuoksi v\u00e4ltt\u00e4m\u00e4tt\u00f6mi\u00e4. N\u00e4m\u00e4 ev\u00e4steet eiv\u00e4t ker\u00e4\u00e4 k\u00e4ytt\u00e4j\u00e4st\u00e4 tietoa, jota voitaisiin hy\u00f6dynt\u00e4\u00e4 markkinoinnissa tai muistamaan k\u00e4ytt\u00e4j\u00e4n valitsemia sivustoja.<\/p>\n\n\n\n<p class=\"has-small-font-size\"><strong>2.2 Suorituskyky\u00e4 mittaavat<\/strong><\/p>\n\n\n\n<p class=\"has-small-font-size\">Suorituskyky\u00e4 mittaavat ev\u00e4steemme ker\u00e4\u00e4v\u00e4t tietoa siit\u00e4, miten k\u00e4ytt\u00e4j\u00e4t k\u00e4ytt\u00e4v\u00e4t verkkosivujamme (esim. eniten k\u00e4ytetyt sivut, mahdolliset virheviestit). N\u00e4m\u00e4 ev\u00e4steet eiv\u00e4t ker\u00e4\u00e4 k\u00e4ytt\u00e4jist\u00e4 tunnistettavia tietoja, vaan ne ovat anonyymej\u00e4 ja niit\u00e4 k\u00e4ytet\u00e4\u00e4n ainoastaan parantamaan nettisivujen toimivuutta. Nettisivumme k\u00e4ytt\u00e4\u00e4 Google Analytics \u2013ev\u00e4steit\u00e4. N\u00e4iden ev\u00e4steiden ker\u00e4\u00e4m\u00e4t tiedot siirret\u00e4\u00e4n ja tallennetaan Googlen palvelimille, joista osa saattaa sijaita EU:n ulkopuolella ja joihin t\u00e4ss\u00e4 tapauksessa sovelletaan paikallista tietosuojalains\u00e4\u00e4d\u00e4nt\u00f6\u00e4. Lis\u00e4tietoja Googlen yksityisyysk\u00e4yt\u00e4nn\u00f6ist\u00e4 ja Google Analyticsin k\u00e4yt\u00f6st\u00e4:<\/p>\n\n\n\n<p class=\"has-small-font-size\"><a href=\"https:\/\/support.google.com\/analytics\/answer\/6004245\" target=\"_blank\" rel=\"noreferrer noopener\">Google Analytics privacy overview<\/a><br><a href=\"https:\/\/tools.google.com\/dlpage\/gaoptout?hl=en=GB\" target=\"_blank\" rel=\"noreferrer noopener\">Opt out of Google Analytics tracking<\/a><\/p>\n\n\n\n<p class=\"has-small-font-size\">Sivustomme k\u00e4ytt\u00e4\u00e4 my\u00f6s Facebookin ja Twitterin ev\u00e4steit\u00e4. N\u00e4iden ev\u00e4steiden ker\u00e4\u00e4m\u00e4 tieto saatetaan siirt\u00e4\u00e4 ja tallentaa n\u00e4iden toimijoiden palvelimille, jotka saattavat sijaita EU:n ulkopuolella.<\/p>\n\n\n\n<p class=\"has-small-font-size\"><strong>2.3 Toiminnalliset<\/strong><\/p>\n\n\n\n<p class=\"has-small-font-size\">Toiminnallisten ev\u00e4steiden avulla verkkosivumme muistavat valintasi (kuten k\u00e4ytt\u00e4j\u00e4nimi, kieli tai alue) sek\u00e4 tarjoavat parempia ja yksil\u00f6llisempi\u00e4 ominaisuuksia.<\/p>\n\n\n\n<p class=\"has-small-font-size\"><strong>2.4 Kolmannen osapuolen ev\u00e4steet<\/strong><\/p>\n\n\n\n<p class=\"has-small-font-size\">Sivuillamme on my\u00f6s painikkeita, jotka helpottavat sis\u00e4ll\u00f6n jakamista eri verkkoviestint\u00e4ymp\u00e4rist\u00f6ihin ja sosiaaliseen mediaan. Jos k\u00e4yt\u00e4t n\u00e4it\u00e4 painikkeita, valitsemaltasi palvelulta voidaan asettaa ev\u00e4ste p\u00e4\u00e4telaitteellesi. N\u00e4m\u00e4 ev\u00e4steet eiv\u00e4t ole hallinnassamme. Lis\u00e4tietoja kolmannen osapuolen ev\u00e4steiden k\u00e4yt\u00f6st\u00e4 saat kyseisen osapuolen verkkosivulta. Verkkosivumme saattaa hyv\u00e4ksy\u00e4 n\u00e4iden kolmansien osapuolten palveluiden ev\u00e4steet. N\u00e4it\u00e4 voivat olla esimerkiksi Facebook- tai Google-palveluiden kautta n\u00e4ytett\u00e4v\u00e4t mainokset.<\/p>\n\n\n\n<p class=\"has-small-font-size\"><strong>3. Miten ev\u00e4steit\u00e4 hallitaan ja miten ne poistetaan?<\/strong><\/p>\n\n\n\n<p class=\"has-small-font-size\">Suurin osa verkkoselaimista hyv\u00e4ksyy ev\u00e4steet, mutta voit yleens\u00e4 muuttaa selaimen asetuksia ja est\u00e4\u00e4 uusien ev\u00e4steiden tallennuksen, poistaa olemassa olevat ev\u00e4steet k\u00e4yt\u00f6st\u00e4 tai pyyt\u00e4\u00e4 ilmoitusta ennen uusien ev\u00e4steiden tallentamista. Jos haluat selaimesi est\u00e4v\u00e4n ev\u00e4steiden k\u00e4yt\u00f6n, m\u00e4\u00e4rit\u00e4 asetukset selaimesi valmistajan ohjeiden mukaisesti (yleens\u00e4 joko Ohje-, Ty\u00f6kalut- tai Muokkaa-valikossa). Yksityiskohtaisempia ohjeita saat osoitteesta&nbsp;<a href=\"https:\/\/www.aboutcookies.org\/\" target=\"_blank\" rel=\"noreferrer noopener\">www.aboutcookies.org<\/a>. Jos est\u00e4t ev\u00e4steiden tallennuksen tai poistat ne k\u00e4yt\u00f6st\u00e4, jotkin verkkosivujemme toiminnoista eiv\u00e4t v\u00e4ltt\u00e4m\u00e4tt\u00e4 toimi. Ev\u00e4steen tai ev\u00e4steluokan k\u00e4yt\u00f6st\u00e4 poistaminen ei viel\u00e4 poista ev\u00e4stett\u00e4 selaimestasi, vaan sinun on teht\u00e4v\u00e4 se itse selaimesi kautta.<\/p>\n\n\n\n<p class=\"has-small-font-size\"><strong>4. Muutokset<\/strong><\/p>\n\n\n\n<p class=\"has-small-font-size\">Ilmoitamme muutoksistamme ev\u00e4steiden k\u00e4yt\u00f6n suhteen t\u00e4\u00e4ll\u00e4. Saatamme my\u00f6s korostaa muutoksia verkkosivuillamme.<\/p>\n\n\n\n<p><\/p>","protected":false},"excerpt":{"rendered":"<p>Ev\u00e4steseloste 1. Mit\u00e4 ev\u00e4steet ovat? Ev\u00e4steet ovat pieni\u00e4 tekstitiedostoja, jotka tallennetaan tietokoneellesi tai muulle p\u00e4\u00e4telaitteellesi, kun k\u00e4yt verkkosivulla. Jokaisella my\u00f6hemm\u00e4ll\u00e4 vierailukerrallasi ne l\u00e4hetet\u00e4\u00e4n takaisin verkkosivullemme tai toiselle verkkosivulle, joka tunnistaa ev\u00e4steen. Ev\u00e4steiden avulla pystymme mm. tunnistamaan laitteesi palatessasi sivulle, muistamaan mieltymyksesi ja valintasi, parantamaan k\u00e4ytt\u00f6kokemustasi sek\u00e4 mukauttamaan mainoksiamme sivuillamme sek\u00e4 mahdollisissa muissa palveluissa. Lis\u00e4tietoa ev\u00e4steist\u00e4 [&hellip;]<\/p>\n","protected":false},"author":1,"featured_media":0,"parent":0,"menu_order":0,"comment_status":"closed","ping_status":"closed","template":"","meta":{"_seopress_robots_primary_cat":"","_seopress_titles_title":"","_seopress_titles_desc":"","_seopress_robots_index":"","footnotes":""},"class_list":["post-794","page","type-page","status-publish","hentry"],"blocksy_meta":{"styles_descriptor":{"styles":{"desktop":"","tablet":"","mobile":""},"google_fonts":[],"version":6}},"_links":{"self":[{"href":"https:\/\/couplegame.fi\/en\/wp-json\/wp\/v2\/pages\/794","targetHints":{"allow":["GET"]}}],"collection":[{"href":"https:\/\/couplegame.fi\/en\/wp-json\/wp\/v2\/pages"}],"about":[{"href":"https:\/\/couplegame.fi\/en\/wp-json\/wp\/v2\/types\/page"}],"author":[{"embeddable":true,"href":"https:\/\/couplegame.fi\/en\/wp-json\/wp\/v2\/users\/1"}],"replies":[{"embeddable":true,"href":"https:\/\/couplegame.fi\/en\/wp-json\/wp\/v2\/comments?post=794"}],"version-history":[{"count":9,"href":"https:\/\/couplegame.fi\/en\/wp-json\/wp\/v2\/pages\/794\/revisions"}],"predecessor-version":[{"id":2216,"href":"https:\/\/couplegame.fi\/en\/wp-json\/wp\/v2\/pages\/794\/revisions\/2216"}],"wp:attachment":[{"href":"https:\/\/couplegame.fi\/en\/wp-json\/wp\/v2\/media?parent=794"}],"curies":[{"name":"wp","href":"https:\/\/api.w.org\/{rel}","templated":true}]}}